{"id":347101,"date":"2021-02-27T17:56:28","date_gmt":"2021-02-27T16:56:28","guid":{"rendered":"https:\/\/iotworlds.com\/kontaktiere-uns\/"},"modified":"2021-02-27T17:56:50","modified_gmt":"2021-02-27T16:56:50","slug":"kontaktiere-uns","status":"publish","type":"page","link":"https:\/\/iotworlds.com\/de\/kontaktiere-uns\/","title":{"rendered":"Kontaktiere uns"},"content":{"rendered":"\n<p>Wir freuen uns, mit Ihnen in Kontakt zu treten!<\/p>\n\n<p>\u27a1\ufe0f Sind Sie Systemintegrator, ISV, OEM, L\u00f6sungsaggregatoren, Ingenieurb\u00fcro, Startup, Berater, Marketingagentur, Freiberufler, Redakteur, Unternehmer, Investor und mehr?<\/p>\n\n<p>Wir k\u00f6nnen Ihnen helfen, die besten L\u00f6sungen zu finden. Buchen Sie jetzt ein Treffen mit uns.<\/p>\n\n<p>Zum Beispiel k\u00f6nnen wir:<\/p>\n\n<p>1) IoT-L\u00f6sungen erstellen;<\/p>\n\n<p>2) effektive Beziehungen entwickeln;<\/p>\n\n<p>3) Projekte verwalten (Zeit, Umfang, Budget, Ressourcen, Ergebnisse);<\/p>\n\n<p>4) St\u00e4rken Sie sich durch eine fortschrittliche und innovative Strategie f\u00fcr digitales Marketing.<\/p>\n\n<p>5) Entwicklung von Fachwissen in wichtigen kommerziellen IoT-M\u00e4rkten wie industrielle Automatisierung und Fertigung, Gesundheitswesen, intelligente Geb\u00e4ude, intelligenter Einzelhandel, Sicherheit und \u00dcberwachung, Transport, Energie und mehr, um die Partner effektiv einzubeziehen und beim Aufbau der IoT-L\u00f6sungen zu helfen;<\/p>\n\n<p>6) Seien Sie ein vertrauensw\u00fcrdiger technischer Berater f\u00fcr Konnektivit\u00e4t, Plattformen, Analysen, Erkenntnisse, Sicherheit, Sensoren, intelligente Daten, Edge- und Cloud-Computing usw.;<\/p>\n\n<p>7) Schaffung eines IoT-\u00d6kosystems mit weltweiten Partnern;<\/p>\n\n<p>8) Tiefes Verst\u00e4ndnis der Partnerstrategie und der gesch\u00e4ftlichen Erfordernisse;<\/p>\n\n<p>9) Orchestrieren Sie relevante und anwendbare Ressourcen, um rechtzeitig eine maximale Abdeckung der wichtigsten Chancen und Strategien zu erreichen, indem Sie sich in der gesamten Organisation unseres Partners, vom Entwickler bis zum CxO, als tiefgreifende technische Ebene engagieren.<\/p>\n\n<p>10) F\u00f6rderung einer engen Zusammenarbeit, um eine sichere Verbindung von End-to-End-IoT-L\u00f6sungen zu gew\u00e4hrleisten, die mit einem breiten Partner bereitgestellt werden, indem auch mit internen Stakeholdern zusammengearbeitet wird;<\/p>\n\n<p>11) Bleiben Sie \u00fcber IoT-Markttrends und Wettbewerbsinformationen auf dem Laufenden und binden Sie Produktgruppen ein, um die branchenf\u00fchrenden L\u00f6sungen und Serviceangebote weiter zu verbessern.<\/p>\n\n<p>12) Schreiben Sie technische und kommerzielle Ergebnisse wie technische Vorschl\u00e4ge, Funktionsanalysen, Blaupausen, St\u00fccklisten, Ausschreibungen, Angebotsanfragen (RFP) usw.<\/p>\n\n<p>13) Steigern Sie Ihr Gesch\u00e4ft<\/p>\n\n<p>14) Erh\u00f6hen Sie Ihre digitale Sichtbarkeit durch fortschrittliche Strategien und SaaS<\/p>\n\n<p id=\"tw-target-text\">Wenn Sie das unten stehende Formular ausf\u00fcllen, abonnieren Sie automatisch unseren Newsletter. Bleiben Sie auf dem Laufenden, verpassen Sie nicht die Vorteile und Rabatte, die nur f\u00fcr Sie reserviert sind.<\/p>\n\n<p><em>Sie sind am richtigen Ort, wir suchen Sie! Wir sind st\u00e4ndig auf der Suche nach Partnern, Mitarbeitern, Redakteuren, Social Media-Spezialisten, Softwareentwicklern, Projekt- und Produktmanagern mit gro\u00dfer Motivation und gro\u00dfem Interesse, einen Wachstumspfad in IoT-Welten einzuschlagen.<\/em><\/p>\n\n<p>M\u00f6chten Sie Ihre Traumrolle in IoT-Welten durch Remote-Arbeit erf\u00fcllen? F\u00fcllen Sie das Formular aus, wir freuen uns, Ihre F\u00e4higkeiten und Ambitionen erf\u00fcllen zu k\u00f6nnen. Sagen Sie uns, was Sie tun m\u00f6chten, oder geben Sie unsere ein<a href=\"http:\/\/jobs.iotworlds.com\" target=\"_blank\" rel=\"noreferrer noopener\"> Arbeitspl\u00e4tze<\/a> Sektion!<\/p>\n\n<p>Wir bewerten auch Ihre Idee und akzeptieren Ihren Rat.<\/p>\n\n<p id=\"tw-target-text\">Kontaktieren Sie uns, wir werden uns bald bei Ihnen melden!<\/p>\n\n<div class=\"wp-block-contact-form-7-contact-form-selector\"><p class=\"wpcf7-contact-form-not-found\"><strong>Fehler:<\/strong> Kontaktformular wurde nicht gefunden.<\/p><\/div>\n","protected":false},"excerpt":{"rendered":"<p>Wir freuen uns, mit Ihnen in Kontakt zu treten! \u27a1\ufe0f Sind Sie Systemintegrator, ISV, OEM, L\u00f6sungsaggregatoren, Ingenieurb\u00fcro, Startup, Berater, Marketingagentur,&hellip;<\/p>\n","protected":false},"author":1,"featured_media":0,"parent":0,"menu_order":0,"comment_status":"closed","ping_status":"closed","template":"","meta":{"_acf_changed":false,"_lmt_disableupdate":"","_lmt_disable":"","footnotes":""},"class_list":["post-347101","page","type-page","status-publish","hentry"],"acf":[],"_links":{"self":[{"href":"https:\/\/iotworlds.com\/de\/wp-json\/wp\/v2\/pages\/347101","targetHints":{"allow":["GET"]}}],"collection":[{"href":"https:\/\/iotworlds.com\/de\/wp-json\/wp\/v2\/pages"}],"about":[{"href":"https:\/\/iotworlds.com\/de\/wp-json\/wp\/v2\/types\/page"}],"author":[{"embeddable":true,"href":"https:\/\/iotworlds.com\/de\/wp-json\/wp\/v2\/users\/1"}],"replies":[{"embeddable":true,"href":"https:\/\/iotworlds.com\/de\/wp-json\/wp\/v2\/comments?post=347101"}],"version-history":[{"count":0,"href":"https:\/\/iotworlds.com\/de\/wp-json\/wp\/v2\/pages\/347101\/revisions"}],"wp:attachment":[{"href":"https:\/\/iotworlds.com\/de\/wp-json\/wp\/v2\/media?parent=347101"}],"curies":[{"name":"wp","href":"https:\/\/api.w.org\/{rel}","templated":true}]}}