{"id":347312,"date":"2021-02-27T18:03:27","date_gmt":"2021-02-27T17:03:27","guid":{"rendered":"https:\/\/iotworlds.com\/entwickeln-sie-ihre-idee\/"},"modified":"2021-10-22T17:42:30","modified_gmt":"2021-10-22T15:42:30","slug":"entwickeln-sie-ihre-idee","status":"publish","type":"page","link":"https:\/\/iotworlds.com\/de\/entwickeln-sie-ihre-idee\/","title":{"rendered":"Entwickeln Sie Ihre Idee"},"content":{"rendered":"<p>IoT Worlds unterst\u00fctzt Sie bei der Umsetzung Ihrer Ideen.<\/p>\n<p>Durch Ausf\u00fcllen des folgenden Formulars entwickeln Sie Ihre Idee.<\/p>\n<p>Ab hier beginnt der Analyseprozess, der zur Wertsch\u00f6pfung f\u00fcr das Unternehmen f\u00fchrt.<\/p>\n<p class=\"wpcf7-contact-form-not-found\"><strong>Fehler:<\/strong> Kontaktformular wurde nicht gefunden.<\/p>\n\n<script data-ad-client=\"ca-pub-1466972906534627\" async=\"\" src=\"https:\/\/pagead2.googlesyndication.com\/pagead\/js\/adsbygoogle.js\"><\/script>\n","protected":false},"excerpt":{"rendered":"<p>IoT Worlds unterst\u00fctzt Sie bei der Umsetzung Ihrer Ideen. Durch Ausf\u00fcllen des folgenden Formulars entwickeln Sie Ihre Idee. Ab hier&hellip;<\/p>\n","protected":false},"author":1,"featured_media":0,"parent":0,"menu_order":0,"comment_status":"closed","ping_status":"closed","template":"","meta":{"_acf_changed":false,"_lmt_disableupdate":"","_lmt_disable":"","footnotes":""},"class_list":["post-347312","page","type-page","status-publish","hentry"],"acf":[],"_links":{"self":[{"href":"https:\/\/iotworlds.com\/de\/wp-json\/wp\/v2\/pages\/347312","targetHints":{"allow":["GET"]}}],"collection":[{"href":"https:\/\/iotworlds.com\/de\/wp-json\/wp\/v2\/pages"}],"about":[{"href":"https:\/\/iotworlds.com\/de\/wp-json\/wp\/v2\/types\/page"}],"author":[{"embeddable":true,"href":"https:\/\/iotworlds.com\/de\/wp-json\/wp\/v2\/users\/1"}],"replies":[{"embeddable":true,"href":"https:\/\/iotworlds.com\/de\/wp-json\/wp\/v2\/comments?post=347312"}],"version-history":[{"count":0,"href":"https:\/\/iotworlds.com\/de\/wp-json\/wp\/v2\/pages\/347312\/revisions"}],"wp:attachment":[{"href":"https:\/\/iotworlds.com\/de\/wp-json\/wp\/v2\/media?parent=347312"}],"curies":[{"name":"wp","href":"https:\/\/api.w.org\/{rel}","templated":true}]}}