{"id":347273,"date":"2021-02-27T18:01:14","date_gmt":"2021-02-27T17:01:14","guid":{"rendered":"https:\/\/iotworlds.com\/contactenos\/"},"modified":"2021-02-27T18:01:18","modified_gmt":"2021-02-27T17:01:18","slug":"contactenos","status":"publish","type":"page","link":"https:\/\/iotworlds.com\/es\/contactenos\/","title":{"rendered":"Cont\u00e1ctenos"},"content":{"rendered":"\n<p>\u00a1Estamos felices de ponernos en contacto contigo!<\/p>\n\n<p>\u27a1\ufe0f \u00bfEs integrador de sistemas, ISV, OEM, agregadores de soluciones, empresa de ingenier\u00eda, startup, consultor, agencia de marketing, aut\u00f3nomo, editor, emprendedor, inversor y m\u00e1s?<\/p>\n\n<p>Podemos ayudarlo a encontrar las mejores soluciones. Reserve ahora una reuni\u00f3n con nosotros.<\/p>\n\n<p>Por ejemplo, podemos:<\/p>\n\n<p>1) Desarrollar soluciones de IoT;<\/p>\n\n<p>2) Desarrollar relaciones efectivas;<\/p>\n\n<p>3) Gestionar proyectos (tiempo, alcance, presupuesto, recursos, entregables);<\/p>\n\n<p>4) Impulsarlo a trav\u00e9s de una estrategia de marketing digital avanzada e innovadora;<\/p>\n\n<p>5) Desarrollar experiencia en mercados comerciales clave de IoT, como automatizaci\u00f3n y fabricaci\u00f3n industrial, atenci\u00f3n m\u00e9dica, edificios inteligentes, venta minorista inteligente, seguridad y vigilancia, transporte, energ\u00eda y m\u00e1s para involucrar eficazmente a los socios y ayudar a construir las soluciones de IoT;<\/p>\n\n<p>6) Ser un asesor t\u00e9cnico confiable para conectividad, plataformas, an\u00e1lisis, conocimientos, seguridad, sensores, datos inteligentes, computaci\u00f3n perimetral y en la nube, etc.<\/p>\n\n<p>7) Crear un ecosistema de IoT con socios mundiales;<\/p>\n\n<p>8) Comprensi\u00f3n profunda de la estrategia de los socios y los imperativos comerciales;<\/p>\n\n<p>9) Orquestar recursos relevantes y aplicables para impulsar la m\u00e1xima cobertura en oportunidades y estrategias clave de manera oportuna al participar como un nivel t\u00e9cnico profundo en toda la organizaci\u00f3n de nuestro socio, desde el desarrollador hasta el CxO;<\/p>\n\n<p>10) Impulsar una colaboraci\u00f3n s\u00f3lida para garantizar soluciones de IoT de extremo a extremo conectadas de forma segura implementadas con un socio amplio al asociarse tambi\u00e9n con partes interesadas internas;<\/p>\n\n<p>11) Mantenerse actualizado con las tendencias del mercado de IoT y los conocimientos competitivos, involucrar a los grupos de productos para mejorar a\u00fan m\u00e1s las soluciones y ofertas de servicios l\u00edderes en la industria;<\/p>\n\n<p>12) Redactar entregables t\u00e9cnicos y comerciales tales como propuestas t\u00e9cnicas, an\u00e1lisis funcional, planos, lista de materiales (BoM), licitaci\u00f3n, solicitud de propuestas (RFP), etc.<\/p>\n\n<p>13) Haga crecer su negocio<\/p>\n\n<p>14) Aumente su visibilidad digital a trav\u00e9s de estrategias avanzadas y SaaS<\/p>\n\n<p id=\"tw-target-text\">Al completar el formulario a continuaci\u00f3n, se suscribir\u00e1 autom\u00e1ticamente a nuestro Newsletter. Mantente al d\u00eda, no te pierdas los beneficios y descuentos reservados solo para ti.<\/p>\n\n<p><em>Est\u00e1s en el lugar indicado, \u00a1te estamos buscando! Buscamos constantemente Afiliaciones, Colaboradores, Editores, Especialistas en Social Media, Desarrolladores de Software, Gerentes de Proyectos y Productos con gran motivaci\u00f3n e inter\u00e9s en emprender un camino de crecimiento en IoT Worlds.<\/em><\/p>\n\n<p>\u00bfLe gustar\u00eda desempe\u00f1ar el papel de sus sue\u00f1os en IoT Worlds trabajando de forma remota? Complete el formulario, estamos felices de poder satisfacer sus habilidades y ambiciones. Cu\u00e9ntanos que quieres hacer o ingresa a nuestro<a href=\"http:\/\/jobs.iotworlds.com\" target=\"_blank\" rel=\"noreferrer noopener\"> Trabajos<\/a> \u00a1secci\u00f3n!<\/p>\n\n<p>Tambi\u00e9n evaluamos tu idea y aceptamos tus consejos.<\/p>\n\n<p id=\"tw-target-text\">Cont\u00e1ctanos y te responderemos pronto.<\/p>\n\n<div class=\"wp-block-contact-form-7-contact-form-selector\"><p class=\"wpcf7-contact-form-not-found\"><strong>Error:<\/strong> Formulario de contacto no encontrado.<\/p><\/div>\n","protected":false},"excerpt":{"rendered":"<p>\u00a1Estamos felices de ponernos en contacto contigo! \u27a1\ufe0f \u00bfEs integrador de sistemas, ISV, OEM, agregadores de soluciones, empresa de ingenier\u00eda,&hellip;<\/p>\n","protected":false},"author":1,"featured_media":0,"parent":0,"menu_order":0,"comment_status":"closed","ping_status":"closed","template":"","meta":{"_acf_changed":false,"_lmt_disableupdate":"","_lmt_disable":"","footnotes":""},"class_list":["post-347273","page","type-page","status-publish","hentry"],"acf":[],"_links":{"self":[{"href":"https:\/\/iotworlds.com\/es\/wp-json\/wp\/v2\/pages\/347273","targetHints":{"allow":["GET"]}}],"collection":[{"href":"https:\/\/iotworlds.com\/es\/wp-json\/wp\/v2\/pages"}],"about":[{"href":"https:\/\/iotworlds.com\/es\/wp-json\/wp\/v2\/types\/page"}],"author":[{"embeddable":true,"href":"https:\/\/iotworlds.com\/es\/wp-json\/wp\/v2\/users\/1"}],"replies":[{"embeddable":true,"href":"https:\/\/iotworlds.com\/es\/wp-json\/wp\/v2\/comments?post=347273"}],"version-history":[{"count":0,"href":"https:\/\/iotworlds.com\/es\/wp-json\/wp\/v2\/pages\/347273\/revisions"}],"wp:attachment":[{"href":"https:\/\/iotworlds.com\/es\/wp-json\/wp\/v2\/media?parent=347273"}],"curies":[{"name":"wp","href":"https:\/\/api.w.org\/{rel}","templated":true}]}}