{"id":347333,"date":"2021-02-27T18:06:15","date_gmt":"2021-02-27T17:06:15","guid":{"rendered":"https:\/\/iotworlds.com\/desarrolla-tu-idea\/"},"modified":"2021-10-22T17:42:24","modified_gmt":"2021-10-22T15:42:24","slug":"desarrolla-tu-idea","status":"publish","type":"page","link":"https:\/\/iotworlds.com\/es\/desarrolla-tu-idea\/","title":{"rendered":"Desarrolla tu idea"},"content":{"rendered":"<p>IoT Worlds le apoya en la realizaci\u00f3n de sus Ideas.<\/p>\n<p>Al completar el formulario a continuaci\u00f3n, desarrolla su Idea.<\/p>\n<p>A partir de aqu\u00ed comienza el proceso de an\u00e1lisis que conducir\u00e1 a la creaci\u00f3n de valor para la empresa.<\/p>\n<p class=\"wpcf7-contact-form-not-found\"><strong>Error:<\/strong> Formulario de contacto no encontrado.<\/p>\n\n<script data-ad-client=\"ca-pub-1466972906534627\" async=\"\" src=\"https:\/\/pagead2.googlesyndication.com\/pagead\/js\/adsbygoogle.js\"><\/script>\n","protected":false},"excerpt":{"rendered":"<p>IoT Worlds le apoya en la realizaci\u00f3n de sus Ideas. Al completar el formulario a continuaci\u00f3n, desarrolla su Idea. A&hellip;<\/p>\n","protected":false},"author":1,"featured_media":0,"parent":0,"menu_order":0,"comment_status":"closed","ping_status":"closed","template":"","meta":{"_acf_changed":false,"_lmt_disableupdate":"","_lmt_disable":"","footnotes":""},"class_list":["post-347333","page","type-page","status-publish","hentry"],"acf":[],"_links":{"self":[{"href":"https:\/\/iotworlds.com\/es\/wp-json\/wp\/v2\/pages\/347333","targetHints":{"allow":["GET"]}}],"collection":[{"href":"https:\/\/iotworlds.com\/es\/wp-json\/wp\/v2\/pages"}],"about":[{"href":"https:\/\/iotworlds.com\/es\/wp-json\/wp\/v2\/types\/page"}],"author":[{"embeddable":true,"href":"https:\/\/iotworlds.com\/es\/wp-json\/wp\/v2\/users\/1"}],"replies":[{"embeddable":true,"href":"https:\/\/iotworlds.com\/es\/wp-json\/wp\/v2\/comments?post=347333"}],"version-history":[{"count":0,"href":"https:\/\/iotworlds.com\/es\/wp-json\/wp\/v2\/pages\/347333\/revisions"}],"wp:attachment":[{"href":"https:\/\/iotworlds.com\/es\/wp-json\/wp\/v2\/media?parent=347333"}],"curies":[{"name":"wp","href":"https:\/\/api.w.org\/{rel}","templated":true}]}}