{"id":347075,"date":"2021-02-27T17:53:48","date_gmt":"2021-02-27T16:53:48","guid":{"rendered":"https:\/\/iotworlds.com\/nous-contacter\/"},"modified":"2021-02-27T17:54:25","modified_gmt":"2021-02-27T16:54:25","slug":"nous-contacter","status":"publish","type":"page","link":"https:\/\/iotworlds.com\/fr\/nous-contacter\/","title":{"rendered":"Nous contacter"},"content":{"rendered":"\n<p>Nous sommes heureux de vous contacter!<\/p>\n\n<p>\u27a1\ufe0f \u00cates-vous un int\u00e9grateur de syst\u00e8me, un \u00e9diteur de logiciels ind\u00e9pendant, un OEM, un agr\u00e9gateur de solutions, une soci\u00e9t\u00e9 d&rsquo;ing\u00e9nierie, une start-up, un consultant, une agence de marketing, un pigiste, un \u00e9diteur, un entrepreneur, un investisseur et plus?<\/p>\n\n<p>Nous pouvons vous aider \u00e0 trouver les meilleures solutions. R\u00e9servez maintenant une r\u00e9union avec nous.<\/p>\n\n<p>Par exemple, nous pouvons:<\/p>\n\n<p>1) cr\u00e9er des solutions IoT;<\/p>\n\n<p>2) D\u00e9velopper des relations efficaces;<\/p>\n\n<p>3) G\u00e9rer les projets (temps, port\u00e9e, budget, ressources, livrables);<\/p>\n\n<p>4) vous booster gr\u00e2ce \u00e0 une strat\u00e9gie de marketing num\u00e9rique avanc\u00e9e et innovante;<\/p>\n\n<p>5) D\u00e9velopper une expertise sur les principaux march\u00e9s commerciaux de l&rsquo;IoT, tels que l&rsquo;automatisation et la fabrication industrielles, la sant\u00e9, les b\u00e2timents intelligents, la vente au d\u00e9tail intelligente, la s\u00e9curit\u00e9 et la surveillance, le transport, l&rsquo;\u00e9nergie et plus encore pour impliquer efficacement les partenaires et aider \u00e0 construire les solutions IoT;<\/p>\n\n<p>6) \u00catre un conseiller technique de confiance pour la connectivit\u00e9, les plates-formes, les analyses, les informations, la s\u00e9curit\u00e9, les capteurs, les donn\u00e9es intelligentes, l&rsquo;informatique en p\u00e9riph\u00e9rie et en nuage, etc.<\/p>\n\n<p>7) Cr\u00e9er un \u00e9cosyst\u00e8me IoT avec des partenaires mondiaux;<\/p>\n\n<p>8) Compr\u00e9hension approfondie de la strat\u00e9gie des partenaires et des imp\u00e9ratifs commerciaux;<\/p>\n\n<p>9) Orchestrer les ressources pertinentes et applicables pour g\u00e9n\u00e9rer une couverture maximale sur les opportunit\u00e9s et strat\u00e9gies cl\u00e9s en temps opportun en s&rsquo;engageant en tant que niveau technique approfondi dans toute l&rsquo;organisation de notre partenaire, du d\u00e9veloppeur au directeur g\u00e9n\u00e9ral;<\/p>\n\n<p>10) Favoriser une collaboration solide pour garantir des solutions IoT de bout en bout connect\u00e9es en toute s\u00e9curit\u00e9, d\u00e9ploy\u00e9es avec un large partenaire en s&rsquo;associant \u00e9galement avec des parties prenantes internes;<\/p>\n\n<p>11) Se tenir au courant des tendances du march\u00e9 IoT et des perspectives concurrentielles, impliquer les groupes de produits pour am\u00e9liorer davantage les solutions et les offres de services de pointe;<\/p>\n\n<p>12) R\u00e9diger des livrables techniques et commerciaux tels que des propositions techniques, une analyse fonctionnelle, un plan directeur, une nomenclature (BoM), un appel d&rsquo;offres, une demande de propositions (RFP), etc.<\/p>\n\n<p>13) D\u00e9veloppez votre entreprise<\/p>\n\n<p>14) Augmentez votre visibilit\u00e9 num\u00e9rique gr\u00e2ce \u00e0 des strat\u00e9gies avanc\u00e9es et SaaS<\/p>\n\n<p id=\"tw-target-text\">En remplissant le formulaire ci-dessous, vous serez automatiquement abonn\u00e9 \u00e0 notre Newsletter. Restez \u00e0 jour, ne manquez pas les avantages et les r\u00e9ductions r\u00e9serv\u00e9s uniquement pour vous.<\/p>\n\n<p><em>Vous \u00eates au bon endroit, nous vous cherchons! Nous recherchons constamment des affiliations, des collaborateurs, des \u00e9diteurs, des sp\u00e9cialistes des m\u00e9dias sociaux, des d\u00e9veloppeurs de logiciels, des chefs de projet et de produit avec une grande motivation et un int\u00e9r\u00eat \u00e0 s&rsquo;engager sur la voie de la croissance dans les mondes de l&rsquo;IoT.<\/em><\/p>\n\n<p>Souhaitez-vous remplir le r\u00f4le de vos r\u00eaves dans IoT Worlds en travaillant \u00e0 distance? Remplissez le formulaire, nous sommes heureux de pouvoir satisfaire vos comp\u00e9tences et vos ambitions. Dites-nous ce que vous voulez faire ou entrez notre<a href=\"http:\/\/jobs.iotworlds.com\" target=\"_blank\" rel=\"noreferrer noopener\"> Emplois<\/a> section!<\/p>\n\n<p>Nous \u00e9valuons \u00e9galement votre id\u00e9e et acceptons vos conseils.<\/p>\n\n<p id=\"tw-target-text\">Contactez-nous, nous vous r\u00e9pondrons dans les plus brefs d\u00e9lais!<\/p>\n\n<div class=\"wp-block-contact-form-7-contact-form-selector\"><p class=\"wpcf7-contact-form-not-found\"><strong>Erreur\u00a0:<\/strong> Formulaire de contact non trouv\u00e9\u00a0!<\/p><\/div>\n","protected":false},"excerpt":{"rendered":"<p>Nous sommes heureux de vous contacter! \u27a1\ufe0f \u00cates-vous un int\u00e9grateur de syst\u00e8me, un \u00e9diteur de logiciels ind\u00e9pendant, un OEM, un&hellip;<\/p>\n","protected":false},"author":1,"featured_media":0,"parent":0,"menu_order":0,"comment_status":"closed","ping_status":"closed","template":"","meta":{"_acf_changed":false,"_lmt_disableupdate":"","_lmt_disable":"","footnotes":""},"class_list":["post-347075","page","type-page","status-publish","hentry"],"acf":[],"_links":{"self":[{"href":"https:\/\/iotworlds.com\/fr\/wp-json\/wp\/v2\/pages\/347075","targetHints":{"allow":["GET"]}}],"collection":[{"href":"https:\/\/iotworlds.com\/fr\/wp-json\/wp\/v2\/pages"}],"about":[{"href":"https:\/\/iotworlds.com\/fr\/wp-json\/wp\/v2\/types\/page"}],"author":[{"embeddable":true,"href":"https:\/\/iotworlds.com\/fr\/wp-json\/wp\/v2\/users\/1"}],"replies":[{"embeddable":true,"href":"https:\/\/iotworlds.com\/fr\/wp-json\/wp\/v2\/comments?post=347075"}],"version-history":[{"count":0,"href":"https:\/\/iotworlds.com\/fr\/wp-json\/wp\/v2\/pages\/347075\/revisions"}],"wp:attachment":[{"href":"https:\/\/iotworlds.com\/fr\/wp-json\/wp\/v2\/media?parent=347075"}],"curies":[{"name":"wp","href":"https:\/\/api.w.org\/{rel}","templated":true}]}}