{"id":347306,"date":"2021-02-27T18:02:57","date_gmt":"2021-02-27T17:02:57","guid":{"rendered":"https:\/\/iotworlds.com\/developpez-votre-idee\/"},"modified":"2021-10-22T17:42:31","modified_gmt":"2021-10-22T15:42:31","slug":"developpez-votre-idee","status":"publish","type":"page","link":"https:\/\/iotworlds.com\/fr\/developpez-votre-idee\/","title":{"rendered":"D\u00e9veloppez votre id\u00e9e"},"content":{"rendered":"<p>IoT Worlds vous accompagne dans la r\u00e9alisation de vos Id\u00e9es.<\/p>\n<p>En remplissant le formulaire ci-dessous, vous d\u00e9veloppez votre id\u00e9e.<\/p>\n<p>De l\u00e0 commence le processus d&rsquo;analyse qui m\u00e8nera \u00e0 la cr\u00e9ation de valeur pour l&rsquo;entreprise.<\/p>\n<p class=\"wpcf7-contact-form-not-found\"><strong>Erreur\u00a0:<\/strong> Formulaire de contact non trouv\u00e9\u00a0!<\/p>\n\n<script data-ad-client=\"ca-pub-1466972906534627\" async=\"\" src=\"https:\/\/pagead2.googlesyndication.com\/pagead\/js\/adsbygoogle.js\"><\/script>\n","protected":false},"excerpt":{"rendered":"<p>IoT Worlds vous accompagne dans la r\u00e9alisation de vos Id\u00e9es. En remplissant le formulaire ci-dessous, vous d\u00e9veloppez votre id\u00e9e. De&hellip;<\/p>\n","protected":false},"author":1,"featured_media":0,"parent":0,"menu_order":0,"comment_status":"closed","ping_status":"closed","template":"","meta":{"_acf_changed":false,"_lmt_disableupdate":"","_lmt_disable":"","footnotes":""},"class_list":["post-347306","page","type-page","status-publish","hentry"],"acf":[],"_links":{"self":[{"href":"https:\/\/iotworlds.com\/fr\/wp-json\/wp\/v2\/pages\/347306","targetHints":{"allow":["GET"]}}],"collection":[{"href":"https:\/\/iotworlds.com\/fr\/wp-json\/wp\/v2\/pages"}],"about":[{"href":"https:\/\/iotworlds.com\/fr\/wp-json\/wp\/v2\/types\/page"}],"author":[{"embeddable":true,"href":"https:\/\/iotworlds.com\/fr\/wp-json\/wp\/v2\/users\/1"}],"replies":[{"embeddable":true,"href":"https:\/\/iotworlds.com\/fr\/wp-json\/wp\/v2\/comments?post=347306"}],"version-history":[{"count":0,"href":"https:\/\/iotworlds.com\/fr\/wp-json\/wp\/v2\/pages\/347306\/revisions"}],"wp:attachment":[{"href":"https:\/\/iotworlds.com\/fr\/wp-json\/wp\/v2\/media?parent=347306"}],"curies":[{"name":"wp","href":"https:\/\/api.w.org\/{rel}","templated":true}]}}