{"id":347197,"date":"2021-02-27T17:59:51","date_gmt":"2021-02-27T16:59:51","guid":{"rendered":"https:\/\/iotworlds.com\/contate-nos\/"},"modified":"2021-02-27T17:59:58","modified_gmt":"2021-02-27T16:59:58","slug":"contate-nos","status":"publish","type":"page","link":"https:\/\/iotworlds.com\/pt-br\/contate-nos\/","title":{"rendered":"Contate-Nos"},"content":{"rendered":"\n<p>Ser\u00e1 um prazer entrar em contato com voc\u00ea!<\/p>\n\n<p>\u27a1\ufe0f Voc\u00ea \u00e9 Integrador de Sistemas, ISV, OEM, Agregadores de Solu\u00e7\u00f5es, Empresa de Engenharia, Startup, Consultor, Ag\u00eancia de Marketing, Freelancer, Editor, Empreendedor, Investidor e mais?<\/p>\n\n<p>Podemos ajud\u00e1-lo a encontrar as melhores solu\u00e7\u00f5es. Reserve j\u00e1 uma reuni\u00e3o connosco.<\/p>\n\n<p>Por exemplo, podemos:<\/p>\n\n<p>1) Construir Solu\u00e7\u00f5es de IoT;<\/p>\n\n<p>2) Desenvolver relacionamentos eficazes;<\/p>\n\n<p>3) Gerenciar projetos (tempo, escopo, or\u00e7amento, recursos, entregas);<\/p>\n\n<p>4) Impulsione voc\u00ea por meio de uma estrat\u00e9gia de marketing digital avan\u00e7ada e inovadora;<\/p>\n\n<p>5) Desenvolver experi\u00eancia nos principais mercados comerciais de IoT, como Automa\u00e7\u00e3o Industrial e Manufatura, Sa\u00fade, Edif\u00edcios Inteligentes, Varejo Inteligente, Seguran\u00e7a e Vigil\u00e2ncia, Transporte, Energia e muito mais para envolver efetivamente os parceiros e ajudar a construir as solu\u00e7\u00f5es de IoT;<\/p>\n\n<p>6) Seja um consultor t\u00e9cnico confi\u00e1vel para conectividade, plataformas, an\u00e1lises, insights, seguran\u00e7a, sensores, dados inteligentes, computa\u00e7\u00e3o de ponta e em nuvem, etc;<\/p>\n\n<p>7) Criar um ecossistema IoT com parceiros mundiais;<\/p>\n\n<p>8) Compreens\u00e3o profunda da estrat\u00e9gia dos parceiros e dos imperativos de neg\u00f3cios;<\/p>\n\n<p>9) Orquestrar recursos relevantes e aplic\u00e1veis para conduzir a cobertura m\u00e1xima nas principais oportunidades e estrat\u00e9gias em tempo h\u00e1bil, envolvendo-se como um n\u00edvel t\u00e9cnico profundo em toda a organiza\u00e7\u00e3o do nosso parceiro, do desenvolvedor ao CxO;<\/p>\n\n<p>10) Impulsionar uma forte colabora\u00e7\u00e3o para garantir solu\u00e7\u00f5es de IoT conectadas com seguran\u00e7a, implantadas com amplo parceiro por meio de parcerias tamb\u00e9m com partes interessadas internas;<\/p>\n\n<p>11) Manter-se atualizado com as tend\u00eancias do mercado de IoT e percep\u00e7\u00f5es competitivas, envolver grupos de produtos para aprimorar ainda mais as solu\u00e7\u00f5es e ofertas de servi\u00e7os l\u00edderes do setor;<\/p>\n\n<p>12) Escrever produtos t\u00e9cnicos e comerciais, como propostas t\u00e9cnicas, an\u00e1lise funcional, planta, lista de materiais (BoM), licita\u00e7\u00e3o, solicita\u00e7\u00e3o de propostas (RFP), etc.<\/p>\n\n<p>13) Fa\u00e7a seu neg\u00f3cio crescer<\/p>\n\n<p>14) Aumente sua visibilidade digital por meio de estrat\u00e9gias avan\u00e7adas e SaaS<\/p>\n\n<p id=\"tw-target-text\">Ao preencher o formul\u00e1rio abaixo, voc\u00ea estar\u00e1 automaticamente inscrito em nossa Newsletter. Fique por dentro, n\u00e3o perca as vantagens e descontos reservados s\u00f3 para voc\u00ea.<\/p>\n\n<p><em>Voc\u00ea est\u00e1 no lugar certo, n\u00f3s estamos te procurando! Estamos constantemente em busca de Afilia\u00e7\u00f5es, Colaboradores, Editores, Especialistas em Redes Sociais, Desenvolvedores de Software, Gerentes de Projetos e Produtos com grande motiva\u00e7\u00e3o e interesse em embarcar em um caminho de crescimento nos mundos IoT.<\/em><\/p>\n\n<p>Voc\u00ea gostaria de preencher o papel dos seus sonhos no IoT Worlds trabalhando remotamente? Preencha o formul\u00e1rio, ficaremos felizes em poder satisfazer suas habilidades e ambi\u00e7\u00f5es. Diga-nos o que voc\u00ea deseja fazer ou entre em nosso<a href=\"http:\/\/jobs.iotworlds.com\" target=\"_blank\" rel=\"noreferrer noopener\"> Empregos<\/a> se\u00e7\u00e3o!<\/p>\n\n<p>Tamb\u00e9m avaliamos sua ideia e aceitamos seus conselhos.<\/p>\n\n<p id=\"tw-target-text\">Contacte-nos que entraremos em contacto consigo em breve!<\/p>\n\n<div class=\"wp-block-contact-form-7-contact-form-selector\"><p class=\"wpcf7-contact-form-not-found\"><strong>Erro:<\/strong> Formul\u00e1rio de contato n\u00e3o encontrado.<\/p><\/div>\n","protected":false},"excerpt":{"rendered":"<p>Ser\u00e1 um prazer entrar em contato com voc\u00ea! \u27a1\ufe0f Voc\u00ea \u00e9 Integrador de Sistemas, ISV, OEM, Agregadores de Solu\u00e7\u00f5es, Empresa&hellip;<\/p>\n","protected":false},"author":1,"featured_media":0,"parent":0,"menu_order":0,"comment_status":"closed","ping_status":"closed","template":"","meta":{"_acf_changed":false,"_lmt_disableupdate":"","_lmt_disable":"","footnotes":""},"class_list":["post-347197","page","type-page","status-publish","hentry"],"acf":[],"_links":{"self":[{"href":"https:\/\/iotworlds.com\/pt-br\/wp-json\/wp\/v2\/pages\/347197","targetHints":{"allow":["GET"]}}],"collection":[{"href":"https:\/\/iotworlds.com\/pt-br\/wp-json\/wp\/v2\/pages"}],"about":[{"href":"https:\/\/iotworlds.com\/pt-br\/wp-json\/wp\/v2\/types\/page"}],"author":[{"embeddable":true,"href":"https:\/\/iotworlds.com\/pt-br\/wp-json\/wp\/v2\/users\/1"}],"replies":[{"embeddable":true,"href":"https:\/\/iotworlds.com\/pt-br\/wp-json\/wp\/v2\/comments?post=347197"}],"version-history":[{"count":0,"href":"https:\/\/iotworlds.com\/pt-br\/wp-json\/wp\/v2\/pages\/347197\/revisions"}],"wp:attachment":[{"href":"https:\/\/iotworlds.com\/pt-br\/wp-json\/wp\/v2\/media?parent=347197"}],"curies":[{"name":"wp","href":"https:\/\/api.w.org\/{rel}","templated":true}]}}