{"id":351768,"date":"2021-02-27T20:05:28","date_gmt":"2021-02-27T19:05:28","guid":{"rendered":"https:\/\/iotworlds.com\/webinar\/"},"modified":"2021-10-22T14:50:17","modified_gmt":"2021-10-22T12:50:17","slug":"webinar","status":"publish","type":"page","link":"https:\/\/iotworlds.com\/pt-br\/webinar\/","title":{"rendered":"Webinar"},"content":{"rendered":"\n<p>O Webinar \u00e9 uma \u00f3tima maneira de demonstrar sua experi\u00eancia e habilidades. <\/p>\n\n<p>Voc\u00ea tem a oportunidade de publicar seu webinar no IoT Worlds. <\/p>\n\n<p class=\"wpcf7-contact-form-not-found\"><strong>Erro:<\/strong> Formul\u00e1rio de contato n\u00e3o encontrado.<\/p>\n\n<p>Ao seu dispor as ferramentas mais avan\u00e7adas para otimizar e ampliar o seu conte\u00fado. <a href=\"https:\/\/iotworlds.com\/pt-br\/contate-nos\/\" target=\"_blank\" rel=\"noreferrer noopener\">Contate-Nos!<\/a><\/p>\n","protected":false},"excerpt":{"rendered":"<p>O Webinar \u00e9 uma \u00f3tima maneira de demonstrar sua experi\u00eancia e habilidades. Voc\u00ea tem a oportunidade de publicar seu webinar&hellip;<\/p>\n","protected":false},"author":1,"featured_media":0,"parent":0,"menu_order":0,"comment_status":"closed","ping_status":"closed","template":"","meta":{"_acf_changed":false,"_lmt_disableupdate":"","_lmt_disable":"","footnotes":""},"class_list":["post-351768","page","type-page","status-publish","hentry"],"acf":[],"_links":{"self":[{"href":"https:\/\/iotworlds.com\/pt-br\/wp-json\/wp\/v2\/pages\/351768","targetHints":{"allow":["GET"]}}],"collection":[{"href":"https:\/\/iotworlds.com\/pt-br\/wp-json\/wp\/v2\/pages"}],"about":[{"href":"https:\/\/iotworlds.com\/pt-br\/wp-json\/wp\/v2\/types\/page"}],"author":[{"embeddable":true,"href":"https:\/\/iotworlds.com\/pt-br\/wp-json\/wp\/v2\/users\/1"}],"replies":[{"embeddable":true,"href":"https:\/\/iotworlds.com\/pt-br\/wp-json\/wp\/v2\/comments?post=351768"}],"version-history":[{"count":0,"href":"https:\/\/iotworlds.com\/pt-br\/wp-json\/wp\/v2\/pages\/351768\/revisions"}],"wp:attachment":[{"href":"https:\/\/iotworlds.com\/pt-br\/wp-json\/wp\/v2\/media?parent=351768"}],"curies":[{"name":"wp","href":"https:\/\/api.w.org\/{rel}","templated":true}]}}